{"id":380,"date":"2021-03-26T12:12:37","date_gmt":"2021-03-26T12:12:37","guid":{"rendered":"http:\/\/temp.ctwe.de\/?page_id=380"},"modified":"2024-07-10T20:54:40","modified_gmt":"2024-07-10T20:54:40","slug":"energieloesungen","status":"publish","type":"page","link":"https:\/\/ctwe.de\/en\/energieloesungen\/","title":{"rendered":"Energiel\u00f6sungen"},"content":{"rendered":"\n<div class=\"wp-block-cover aligncenter wp-duotone-unset-2\"><span aria-hidden=\"true\" class=\"wp-block-cover__background has-background-dim\" style=\"background-color:#76776d\"><\/span><img loading=\"lazy\" decoding=\"async\" width=\"2000\" height=\"1200\" class=\"wp-block-cover__image-background wp-image-886\" alt=\"\" src=\"https:\/\/ctwe.de\/wp-content\/uploads\/2024\/07\/cropped-Header_resized.jpg\" data-object-fit=\"cover\" srcset=\"https:\/\/ctwe.de\/wp-content\/uploads\/2024\/07\/cropped-Header_resized.jpg 2000w, https:\/\/ctwe.de\/wp-content\/uploads\/2024\/07\/cropped-Header_resized-300x180.jpg 300w, https:\/\/ctwe.de\/wp-content\/uploads\/2024\/07\/cropped-Header_resized-1024x614.jpg 1024w, https:\/\/ctwe.de\/wp-content\/uploads\/2024\/07\/cropped-Header_resized-768x461.jpg 768w, https:\/\/ctwe.de\/wp-content\/uploads\/2024\/07\/cropped-Header_resized-1536x922.jpg 1536w\" sizes=\"(max-width: 2000px) 100vw, 2000px\" \/><div class=\"wp-block-cover__inner-container is-layout-flow wp-block-cover-is-layout-flow\">\n<p class=\"has-text-align-center has-white-color has-text-color has-link-color has-medium-font-size wp-elements-1eb225122c9b1cd4c1cd49674f458309\">Energie ist eine unserer Lebensgrundlagen.<br>Wir nutzen sie haupts\u00e4chlich in Form von Strom und W\u00e4rme.<br>Klimawandel und steigende Preise fossiler Energietr\u00e4ger zwingen unsere Gesellschaft zum Umdenken.<br>Unsere Aufgabe ist es regenerative Energie wie Solar, Wind oder Biomasse voran zu bringen.<\/p>\n<\/div><\/div>\n\n\n\n<hr class=\"wp-block-separator has-alpha-channel-opacity\"\/>\n\n\n\n<h1 class=\"wp-block-heading has-text-align-center has-x-large-font-size\">Energiel\u00f6sungen<\/h1>\n\n\n\n<div class=\"wp-block-media-text is-stacked-on-mobile\" style=\"grid-template-columns:46% auto\"><figure class=\"wp-block-media-text__media\"><img loading=\"lazy\" decoding=\"async\" width=\"1024\" height=\"669\" src=\"https:\/\/ctwe.de\/wp-content\/uploads\/2024\/07\/IMG_20240617_154301409-1-scaled-e1720644154427-1024x669.jpg\" alt=\"\" class=\"wp-image-932 size-full\" srcset=\"https:\/\/ctwe.de\/wp-content\/uploads\/2024\/07\/IMG_20240617_154301409-1-scaled-e1720644154427-1024x669.jpg 1024w, https:\/\/ctwe.de\/wp-content\/uploads\/2024\/07\/IMG_20240617_154301409-1-scaled-e1720644154427-300x196.jpg 300w, https:\/\/ctwe.de\/wp-content\/uploads\/2024\/07\/IMG_20240617_154301409-1-scaled-e1720644154427-768x502.jpg 768w, https:\/\/ctwe.de\/wp-content\/uploads\/2024\/07\/IMG_20240617_154301409-1-scaled-e1720644154427-1536x1003.jpg 1536w, https:\/\/ctwe.de\/wp-content\/uploads\/2024\/07\/IMG_20240617_154301409-1-scaled-e1720644154427.jpg 1920w\" sizes=\"(max-width: 1024px) 100vw, 1024px\" \/><\/figure><div class=\"wp-block-media-text__content\">\n<p class=\"has-text-align-center has-medium-font-size\"><strong>W\u00e4rme<\/strong><\/p>\n\n\n\n<p class=\"has-text-align-center has-medium-font-size\">Solarthermie<br>W\u00e4rmepumpe<br>Heizkessel<\/p>\n<\/div><\/div>\n\n\n\n<div class=\"wp-block-media-text has-media-on-the-right is-stacked-on-mobile\"><div class=\"wp-block-media-text__content\">\n<p class=\"has-text-align-center has-medium-font-size\"><strong>Strom + W\u00e4rme<\/strong><\/p>\n\n\n\n<p class=\"has-text-align-center has-medium-font-size\">Kraft-W\u00e4rme-Kopplung<br>(KWK)<\/p>\n<\/div><figure class=\"wp-block-media-text__media\"><img loading=\"lazy\" decoding=\"async\" width=\"378\" height=\"258\" src=\"https:\/\/ctwe.de\/wp-content\/uploads\/2024\/07\/grafik-16-e1720644509381.png\" alt=\"\" class=\"wp-image-935 size-full\" srcset=\"https:\/\/ctwe.de\/wp-content\/uploads\/2024\/07\/grafik-16-e1720644509381.png 378w, https:\/\/ctwe.de\/wp-content\/uploads\/2024\/07\/grafik-16-e1720644509381-300x205.png 300w\" sizes=\"(max-width: 378px) 100vw, 378px\" \/><\/figure><\/div>\n\n\n\n<p class=\"has-text-align-center has-medium-font-size\"><strong>Beide Konzepte erfordern Verteilung der W\u00e4rme durch W\u00e4rmenetz<\/strong><\/p>\n\n\n\n<hr class=\"wp-block-separator has-alpha-channel-opacity\"\/>\n\n\n\n<div class=\"wp-block-columns is-layout-flex wp-container-core-columns-is-layout-3 wp-block-columns-is-layout-flex\">\n<div class=\"wp-block-column is-layout-flow wp-block-column-is-layout-flow\" style=\"flex-basis:100%\"><div class=\"wp-block-image wp-duotone-unset-3\">\n<figure class=\"aligncenter size-large is-resized\"><img loading=\"lazy\" decoding=\"async\" width=\"1024\" height=\"592\" src=\"https:\/\/ctwe.de\/wp-content\/uploads\/2024\/07\/grafik-1-1024x592.png\" alt=\"\" class=\"wp-image-895\" style=\"width:496px;height:auto\" srcset=\"https:\/\/ctwe.de\/wp-content\/uploads\/2024\/07\/grafik-1-1024x592.png 1024w, https:\/\/ctwe.de\/wp-content\/uploads\/2024\/07\/grafik-1-300x173.png 300w, https:\/\/ctwe.de\/wp-content\/uploads\/2024\/07\/grafik-1-768x444.png 768w, https:\/\/ctwe.de\/wp-content\/uploads\/2024\/07\/grafik-1.png 1040w\" sizes=\"(max-width: 1024px) 100vw, 1024px\" \/><\/figure><\/div>\n\n\n<div class=\"wp-block-group\"><div class=\"wp-block-group__inner-container is-layout-constrained wp-block-group-is-layout-constrained\">\n<h1 class=\"wp-block-heading has-text-align-center has-x-large-font-size\">&#8220;Unser Netz&#8221;<\/h1>\n<\/div><\/div>\n\n\n\n<p class=\"has-text-align-center has-medium-font-size\"><strong>Lokale Arbeitskreise k\u00fcmmern sich um das jeweilige Projekt<\/strong><\/p>\n\n\n\n<div class=\"wp-block-media-text is-stacked-on-mobile\" style=\"grid-template-columns:47% auto\"><figure class=\"wp-block-media-text__media\"><img loading=\"lazy\" decoding=\"async\" width=\"750\" height=\"500\" src=\"https:\/\/ctwe.de\/wp-content\/uploads\/2024\/07\/de873d9f-0b72-46b6-ad61-2951c1678cfc_10000_500.jpg\" alt=\"\" class=\"wp-image-884 size-full\" srcset=\"https:\/\/ctwe.de\/wp-content\/uploads\/2024\/07\/de873d9f-0b72-46b6-ad61-2951c1678cfc_10000_500.jpg 750w, https:\/\/ctwe.de\/wp-content\/uploads\/2024\/07\/de873d9f-0b72-46b6-ad61-2951c1678cfc_10000_500-300x200.jpg 300w, https:\/\/ctwe.de\/wp-content\/uploads\/2024\/07\/de873d9f-0b72-46b6-ad61-2951c1678cfc_10000_500-272x182.jpg 272w\" sizes=\"(max-width: 750px) 100vw, 750px\" \/><\/figure><div class=\"wp-block-media-text__content\">\n<ul class=\"wp-block-list\">\n<li class=\"has-medium-font-size\">Machbarkeit mit Lokalen Resourcen Pr\u00fcfen<\/li>\n\n\n\n<li class=\"has-medium-font-size\">Konzeptionierung und PLanung<\/li>\n\n\n\n<li class=\"has-medium-font-size\">Realisierung<\/li>\n\n\n\n<li class=\"has-medium-font-size\">Betrieb nach Fertigstellung<\/li>\n<\/ul>\n<\/div><\/div>\n\n\n\n<hr class=\"wp-block-separator has-alpha-channel-opacity\"\/>\n\n\n\n<h1 class=\"wp-block-heading has-text-align-center has-x-large-font-size\">L\u00f6sungsmodelle<\/h1>\n\n\n\n<div class=\"wp-block-columns is-layout-flex wp-container-core-columns-is-layout-1 wp-block-columns-is-layout-flex\">\n<div class=\"wp-block-column is-layout-flow wp-block-column-is-layout-flow\">\n<figure class=\"wp-block-image size-full\"><img loading=\"lazy\" decoding=\"async\" width=\"491\" height=\"276\" src=\"https:\/\/ctwe.de\/wp-content\/uploads\/2024\/07\/grafik-3-edited.png\" alt=\"\" class=\"wp-image-898\" srcset=\"https:\/\/ctwe.de\/wp-content\/uploads\/2024\/07\/grafik-3-edited.png 491w, https:\/\/ctwe.de\/wp-content\/uploads\/2024\/07\/grafik-3-edited-300x169.png 300w\" sizes=\"(max-width: 491px) 100vw, 491px\" \/><\/figure>\n\n\n\n<h2 class=\"wp-block-heading has-text-align-center has-large-font-size\">Nachbarschafts-<br>modell<\/h2>\n<\/div>\n\n\n\n<div class=\"wp-block-column is-layout-flow wp-block-column-is-layout-flow\">\n<figure class=\"wp-block-image size-large\"><img loading=\"lazy\" decoding=\"async\" width=\"1024\" height=\"576\" src=\"https:\/\/ctwe.de\/wp-content\/uploads\/2024\/07\/20191010_164957-1024x576.jpg\" alt=\"\" class=\"wp-image-933\" srcset=\"https:\/\/ctwe.de\/wp-content\/uploads\/2024\/07\/20191010_164957-1024x576.jpg 1024w, https:\/\/ctwe.de\/wp-content\/uploads\/2024\/07\/20191010_164957-300x169.jpg 300w, https:\/\/ctwe.de\/wp-content\/uploads\/2024\/07\/20191010_164957-768x432.jpg 768w, https:\/\/ctwe.de\/wp-content\/uploads\/2024\/07\/20191010_164957-1536x864.jpg 1536w, https:\/\/ctwe.de\/wp-content\/uploads\/2024\/07\/20191010_164957-2048x1152.jpg 2048w\" sizes=\"(max-width: 1024px) 100vw, 1024px\" \/><\/figure>\n\n\n\n<h2 class=\"wp-block-heading has-text-align-center has-large-font-size\">Quartiermodell<\/h2>\n<\/div>\n\n\n\n<div class=\"wp-block-column is-layout-flow wp-block-column-is-layout-flow\">\n<figure class=\"wp-block-image size-full\"><img loading=\"lazy\" decoding=\"async\" width=\"3410\" height=\"1869\" src=\"https:\/\/ctwe.de\/wp-content\/uploads\/2024\/07\/grafik-15.png\" alt=\"\" class=\"wp-image-934\" srcset=\"https:\/\/ctwe.de\/wp-content\/uploads\/2024\/07\/grafik-15.png 3410w, https:\/\/ctwe.de\/wp-content\/uploads\/2024\/07\/grafik-15-300x164.png 300w, https:\/\/ctwe.de\/wp-content\/uploads\/2024\/07\/grafik-15-1024x561.png 1024w, https:\/\/ctwe.de\/wp-content\/uploads\/2024\/07\/grafik-15-768x421.png 768w, https:\/\/ctwe.de\/wp-content\/uploads\/2024\/07\/grafik-15-1536x842.png 1536w, https:\/\/ctwe.de\/wp-content\/uploads\/2024\/07\/grafik-15-2048x1122.png 2048w\" sizes=\"(max-width: 3410px) 100vw, 3410px\" \/><\/figure>\n\n\n\n<h2 class=\"wp-block-heading has-text-align-center has-large-font-size\">Dorfmodell<\/h2>\n<\/div>\n<\/div>\n\n\n\n<hr class=\"wp-block-separator has-alpha-channel-opacity\"\/>\n\n\n\n<div class=\"wp-block-columns is-layout-flex wp-container-core-columns-is-layout-2 wp-block-columns-is-layout-flex\">\n<div class=\"wp-block-column is-layout-flow wp-block-column-is-layout-flow\">\n<p class=\"has-text-align-left has-medium-font-size\"><strong>Henfenfeld, Kirchenstr.\/In der Point:<\/strong><\/p>\n\n\n\n<ul class=\"wp-block-list\">\n<li class=\"has-medium-font-size\">8 kW elektrisch<\/li>\n\n\n\n<li class=\"has-medium-font-size\">13 kW thermisch<\/li>\n\n\n\n<li class=\"has-medium-font-size\">16 kW Spitzenlastkessel<\/li>\n\n\n\n<li class=\"has-medium-font-size\">50 m W\u00e4rmeleitungsnetz<\/li>\n\n\n\n<li class=\"has-medium-font-size\">3 Abnehmer (Gewerbe\/Privat)<\/li>\n\n\n\n<li class=\"has-medium-font-size\">Brennstoff: Erdgas<\/li>\n\n\n\n<li class=\"has-medium-font-size\"><mark style=\"background-color:rgba(0, 0, 0, 0)\" class=\"has-inline-color has-vivid-red-color\">Stromeigenverbrauch<\/mark><\/li>\n<\/ul>\n<\/div>\n\n\n\n<div class=\"wp-block-column is-layout-flow wp-block-column-is-layout-flow\">\n<p class=\"has-text-align-left has-medium-font-size\"><strong>Henfenfeld, Ortsmitte Rathaus<\/strong><\/p>\n\n\n\n<ul class=\"wp-block-list\">\n<li class=\"has-medium-font-size\">20 kW elektrisch<\/li>\n\n\n\n<li class=\"has-medium-font-size\">41 kW thermisch<\/li>\n\n\n\n<li class=\"has-medium-font-size\">50 kW Spitzenlastkessel<\/li>\n\n\n\n<li class=\"has-medium-font-size\">270m W\u00e4rmeleitungsnetz<\/li>\n\n\n\n<li class=\"has-medium-font-size\">10 Abnehmer (Kommune \/ Kirche \/ Privat)<\/li>\n\n\n\n<li class=\"has-medium-font-size\">Brennstoff: Erdgase<\/li>\n\n\n\n<li class=\"has-medium-font-size\"><mark style=\"background-color:rgba(0, 0, 0, 0)\" class=\"has-inline-color has-vivid-red-color\">Stromeigenverbrauch<\/mark><\/li>\n<\/ul>\n<\/div>\n\n\n\n<div class=\"wp-block-column is-layout-flow wp-block-column-is-layout-flow\">\n<p class=\"has-medium-font-size\"><strong>Eschenfelden, Gemeindegebiet<\/strong><\/p>\n\n\n\n<ul class=\"wp-block-list\">\n<li class=\"has-medium-font-size\">180 kW elektrisch<\/li>\n\n\n\n<li class=\"has-medium-font-size\">270 kW thermisch<\/li>\n\n\n\n<li class=\"has-medium-font-size\">325 kW Spitzenlaastkessel<\/li>\n\n\n\n<li class=\"has-medium-font-size\">3500 m W\u00e4rmeleitungsnetz<\/li>\n\n\n\n<li class=\"has-medium-font-size\">58 Abnehmer (Gewerbe \/ Kommune \/ Privat)<\/li>\n\n\n\n<li class=\"has-medium-font-size\">Brennstoff: Holzpelletts \/ Raps\u00f6l<\/li>\n\n\n\n<li class=\"has-medium-font-size\"><mark style=\"background-color:rgba(0, 0, 0, 0)\" class=\"has-inline-color has-vivid-red-color\">Stromeinspeisung nach EEG<\/mark><\/li>\n\n\n\n<li class=\"has-medium-font-size\"><mark style=\"background-color:rgba(0, 0, 0, 0)\" class=\"has-inline-color has-vivid-red-color\">Neu: 24 m\u00b2 PV f\u00fcr Eigenstrom<\/mark><\/li>\n<\/ul>\n<\/div>\n<\/div>\n<\/div>\n<\/div>\n\n\n\n<hr class=\"wp-block-separator has-alpha-channel-opacity\"\/>\n\n\n\n<div class=\"wp-block-columns is-layout-flex wp-container-core-columns-is-layout-4 wp-block-columns-is-layout-flex\">\n<div class=\"wp-block-column is-layout-flow wp-block-column-is-layout-flow\">\n<p class=\"has-medium-font-size\"><strong>Henfenfeld, Freiling<\/strong><\/p>\n\n\n\n<ul class=\"wp-block-list\">\n<li class=\"has-medium-font-size\">70 kW Heizkessel 1<\/li>\n\n\n\n<li class=\"has-medium-font-size\">50 kW Heizkessel 2<\/li>\n\n\n\n<li class=\"has-medium-font-size\">200 m W\u00e4rmeleitungsnetz<\/li>\n\n\n\n<li class=\"has-medium-font-size\">5 Geb\u00e4ude, 11 Wohneinheiten<\/li>\n\n\n\n<li class=\"has-medium-font-size\">Brennstoff: lokale Hackschnitzel<\/li>\n<\/ul>\n<\/div>\n\n\n\n<div class=\"wp-block-column is-layout-flow wp-block-column-is-layout-flow\">\n<p class=\"has-medium-font-size\"><strong>Henfenfeld, Schulareal<\/strong><\/p>\n\n\n\n<ul class=\"wp-block-list\">\n<li class=\"has-medium-font-size\">300 kW Heizkessel<\/li>\n\n\n\n<li class=\"has-medium-font-size\">600 m W\u00e4rmeleitungsnetz<\/li>\n\n\n\n<li class=\"has-medium-font-size\">12 Geb\u00e4ude (Schule \/ Privat), 18 Wohneinheiten<\/li>\n\n\n\n<li class=\"has-medium-font-size\">Brennstoff: lokale Hackschnitzel<\/li>\n<\/ul>\n<\/div>\n\n\n\n<div class=\"wp-block-column is-layout-flow wp-block-column-is-layout-flow\">\n<p class=\"has-medium-font-size\"><strong>Achtel, Gemeindegebiet<\/strong><\/p>\n\n\n\n<ul class=\"wp-block-list\">\n<li class=\"has-medium-font-size\">200 kW Heizkessel 1<\/li>\n\n\n\n<li class=\"has-medium-font-size\">200 kW Heizkessel 2<\/li>\n\n\n\n<li class=\"has-medium-font-size\">1300 m W\u00e4rmeleitungsnetz<\/li>\n\n\n\n<li class=\"has-medium-font-size\">25 Geb\u00e4ude (Gewerbe \/ Kommune \/ Privat)<\/li>\n\n\n\n<li class=\"has-medium-font-size\">Brennstoff: lokale Hackschnitzel<\/li>\n<\/ul>\n<\/div>\n<\/div>\n","protected":false},"excerpt":{"rendered":"<p>Energiel\u00f6sungen W\u00e4rme SolarthermieW\u00e4rmepumpeHeizkessel Strom + W\u00e4rme Kraft-W\u00e4rme-Kopplung(KWK) Beide Konzepte erfordern Verteilung der W\u00e4rme durch W\u00e4rmenetz &#8220;Unser Netz&#8221; Lokale Arbeitskreise k\u00fcmmern sich um das jeweilige Projekt L\u00f6sungsmodelle Nachbarschafts-modell Quartiermodell Dorfmodell Henfenfeld, Kirchenstr.\/In der Point: Henfenfeld, Ortsmitte Rathaus Eschenfelden, Gemeindegebiet Henfenfeld, Freiling Henfenfeld, Schulareal Achtel, Gemeindegebiet<\/p>\n","protected":false},"author":1,"featured_media":0,"parent":0,"menu_order":0,"comment_status":"closed","ping_status":"closed","template":"","meta":{"footnotes":""},"class_list":["post-380","page","type-page","status-publish","hentry","post"],"translation":{"provider":"WPGlobus","version":"3.0.0","language":"en","enabled_languages":["de","en"],"languages":{"de":{"title":true,"content":true,"excerpt":false},"en":{"title":false,"content":false,"excerpt":false}}},"_links":{"self":[{"href":"https:\/\/ctwe.de\/en\/wp-json\/wp\/v2\/pages\/380"}],"collection":[{"href":"https:\/\/ctwe.de\/en\/wp-json\/wp\/v2\/pages"}],"about":[{"href":"https:\/\/ctwe.de\/en\/wp-json\/wp\/v2\/types\/page"}],"author":[{"embeddable":true,"href":"https:\/\/ctwe.de\/en\/wp-json\/wp\/v2\/users\/1"}],"replies":[{"embeddable":true,"href":"https:\/\/ctwe.de\/en\/wp-json\/wp\/v2\/comments?post=380"}],"version-history":[{"count":36,"href":"https:\/\/ctwe.de\/en\/wp-json\/wp\/v2\/pages\/380\/revisions"}],"predecessor-version":[{"id":939,"href":"https:\/\/ctwe.de\/en\/wp-json\/wp\/v2\/pages\/380\/revisions\/939"}],"wp:attachment":[{"href":"https:\/\/ctwe.de\/en\/wp-json\/wp\/v2\/media?parent=380"}],"curies":[{"name":"wp","href":"https:\/\/api.w.org\/{rel}","templated":true}]}}