{"id":710,"date":"2021-12-03T10:08:38","date_gmt":"2021-12-03T10:08:38","guid":{"rendered":"http:\/\/temp.ctwe.de\/?page_id=710"},"modified":"2024-10-25T11:45:34","modified_gmt":"2024-10-25T11:45:34","slug":"impressum","status":"publish","type":"page","link":"https:\/\/ctwe.de\/en\/impressum\/","title":{"rendered":"Impressum"},"content":{"rendered":"\n<div class=\"wp-block-columns is-layout-flex wp-container-core-columns-is-layout-1 wp-block-columns-is-layout-flex\">\n<div class=\"wp-block-column is-layout-flow wp-block-column-is-layout-flow\" style=\"flex-basis:33.33%\">\n<p><strong>Telefon: <br>Telefax: <br>E-Mail: <\/strong><\/p>\n<\/div>\n\n\n\n<div class=\"wp-block-column is-layout-flow wp-block-column-is-layout-flow\" style=\"flex-basis:66.66%\">\n<p>+49 (0) 91 51\/60 95 06-0<strong><br><\/strong>+49 (0) 91 51\/60 95 0 89<strong><br><a rel=\"noreferrer noopener\" href=\"mailto:info@ctwe.de\" target=\"_blank\">info(at)ctwe.de<\/a><\/strong> <\/p>\n<\/div>\n<\/div>\n\n\n\n<h2 class=\"wp-block-heading\">Engineering:<\/h2>\n\n\n\n<h3 class=\"wp-block-heading\">CTWe Consulting-Team Wendler GmbH<\/h3>\n\n\n\n<div class=\"wp-block-columns is-layout-flex wp-container-core-columns-is-layout-2 wp-block-columns-is-layout-flex\">\n<div class=\"wp-block-column is-layout-flow wp-block-column-is-layout-flow\" style=\"flex-basis:33.33%\">\n<p><strong>Gesch\u00e4ftsf\u00fchrung:<br><\/strong><br><strong>Anschrift:<\/strong><br><\/p>\n<\/div>\n\n\n\n<div class=\"wp-block-column is-layout-flow wp-block-column-is-layout-flow\" style=\"flex-basis:66.66%\">\n<p>Dipl.-Ing. (FH) Helmut Wendler,<br>Dipl.-Ing. (FH) Frank Polster<br>Kirchenstra\u00dfe 13<br>91239 Henfenfeld<br>Germany<\/p>\n<\/div>\n<\/div>\n\n\n\n<h2 class=\"wp-block-heading\">Energiel\u00f6sungen:<\/h2>\n\n\n\n<h3 class=\"wp-block-heading\">CTWe Holding GmbH<\/h3>\n\n\n\n<div class=\"wp-block-columns is-layout-flex wp-container-core-columns-is-layout-3 wp-block-columns-is-layout-flex\">\n<div class=\"wp-block-column is-layout-flow wp-block-column-is-layout-flow\" style=\"flex-basis:33.33%\">\n<p><strong>Gesch\u00e4ftsf\u00fchrung:<br>Anschrift:<\/strong><\/p>\n<\/div>\n\n\n\n<div class=\"wp-block-column is-layout-flow wp-block-column-is-layout-flow\" style=\"flex-basis:66.66%\">\n<p>Dipl.-Ing. (FH) Helmut Wendler<br>Kirchenstra\u00dfe 13<br>91239 Henfenfeld<br>Germany<\/p>\n<\/div>\n<\/div>\n\n\n\n<div class=\"wp-block-columns is-layout-flex wp-container-core-columns-is-layout-4 wp-block-columns-is-layout-flex\">\n<div class=\"wp-block-column is-layout-flow wp-block-column-is-layout-flow\" style=\"flex-basis:33.33%\">\n<p><strong>Redaktionell verantwortlich<br>gem\u00e4\u00df \u00a710 MDStV:<\/strong><\/p>\n<\/div>\n\n\n\n<div class=\"wp-block-column is-layout-flow wp-block-column-is-layout-flow\" style=\"flex-basis:66.66%\">\n<p><br>Dipl.-Ing. (FH) Helmut Wendler<\/p>\n<\/div>\n<\/div>\n\n\n\n<p><\/p>\n","protected":false},"excerpt":{"rendered":"<p>Telefon: Telefax: E-Mail: +49 (0) 91 51\/60 95 06-0+49 (0) 91 51\/60 95 0 89info(at)ctwe.de Engineering: CTWe Consulting-Team Wendler GmbH Gesch\u00e4ftsf\u00fchrung:Anschrift: Dipl.-Ing. (FH) Helmut Wendler,Dipl.-Ing. (FH) Frank PolsterKirchenstra\u00dfe 1391239 HenfenfeldGermany Energiel\u00f6sungen: CTWe Holding GmbH Gesch\u00e4ftsf\u00fchrung:Anschrift: Dipl.-Ing. (FH) Helmut WendlerKirchenstra\u00dfe 1391239 HenfenfeldGermany Redaktionell verantwortlichgem\u00e4\u00df \u00a710 MDStV: Dipl.-Ing. (FH) Helmut Wendler<\/p>\n","protected":false},"author":1,"featured_media":0,"parent":0,"menu_order":0,"comment_status":"closed","ping_status":"closed","template":"","meta":{"footnotes":""},"class_list":["post-710","page","type-page","status-publish","hentry","post"],"translation":{"provider":"WPGlobus","version":"3.0.0","language":"en","enabled_languages":["de","en"],"languages":{"de":{"title":true,"content":true,"excerpt":false},"en":{"title":false,"content":false,"excerpt":false}}},"_links":{"self":[{"href":"https:\/\/ctwe.de\/en\/wp-json\/wp\/v2\/pages\/710"}],"collection":[{"href":"https:\/\/ctwe.de\/en\/wp-json\/wp\/v2\/pages"}],"about":[{"href":"https:\/\/ctwe.de\/en\/wp-json\/wp\/v2\/types\/page"}],"author":[{"embeddable":true,"href":"https:\/\/ctwe.de\/en\/wp-json\/wp\/v2\/users\/1"}],"replies":[{"embeddable":true,"href":"https:\/\/ctwe.de\/en\/wp-json\/wp\/v2\/comments?post=710"}],"version-history":[{"count":5,"href":"https:\/\/ctwe.de\/en\/wp-json\/wp\/v2\/pages\/710\/revisions"}],"predecessor-version":[{"id":944,"href":"https:\/\/ctwe.de\/en\/wp-json\/wp\/v2\/pages\/710\/revisions\/944"}],"wp:attachment":[{"href":"https:\/\/ctwe.de\/en\/wp-json\/wp\/v2\/media?parent=710"}],"curies":[{"name":"wp","href":"https:\/\/api.w.org\/{rel}","templated":true}]}}